{"id":2167,"date":"2015-03-12T14:52:34","date_gmt":"2015-03-12T13:52:34","guid":{"rendered":"http:\/\/demo-content.kaliumtheme.com\/main\/?page_id=2167"},"modified":"2025-06-09T13:05:53","modified_gmt":"2025-06-09T11:05:53","slug":"malerin","status":"publish","type":"page","link":"https:\/\/julia-belot.de\/es\/malerin\/","title":{"rendered":"Artista Pintura"},"content":{"rendered":"<div class=\"wpb-content-wrapper\"><p>[vc_section][vc_row 0=\u00bb\u00bb][vc_column width=\u00bb1\/2&#8243; reveal_effect=\u00bbfadeIn\u00bb reveal_duration=\u00bb1&#8243; reveal_delay=\u00bb0.3&#8243;][vc_single_image image=\u00bb4235&#8243; img_size=\u00bb530&#215;400&#8243;][\/vc_column][vc_column width=\u00bb1\/2&#8243; reveal_effect=\u00bbfadeIn\u00bb reveal_duration=\u00bb1.5&#8243; reveal_delay=\u00bb0.5&#8243;][vc_column_text 0=\u00bb\u00bb]Mi intension es de exprimar de una manera positiva la esencia de<br \/>\nlas personas, de la natura y de todo lo que pinto.<\/p>\n<p>Es lo bueno y lo hermoso que me interessa. No pierdo de vista los<br \/>\nmalos lados de la existencia. No estroy praticando la politica de<br \/>\navestruz. Estos lados sombrios son presentes pero se quedan pasan<br \/>\na segundo plano. Quiero establecer todo que es digno de ser amado.<br \/>\nMi me interesan los peque\u00f1os momentos afectos y agradables de la<br \/>\nvida que tienen la tendencia de ser olvidado en la monotonia de la<br \/>\nvida cotidiana. \u00bf La exposici\u00f3n, desenmascaramiento y provocaci\u00f3n?<br \/>\nCon gusto te dejo a otros.<\/p>\n<p>Julia Belot[\/vc_column_text][\/vc_column][\/vc_row][vc_row 0=\u00bb\u00bb][vc_column reveal_effect=\u00bbfadeIn\u00bb reveal_duration=\u00bb1&#8243; reveal_delay=\u00bb0.3&#8243;][vc_empty_space height=\u00bb64px\u00bb][vc_separator color=\u00bbblack\u00bb][\/vc_column][\/vc_row][vc_row][vc_column width=\u00bb1\/2&#8243;][lab_heading title=\u00bbBiografie\u00bb][\/lab_heading][vc_single_image image=\u00bb6496&#8243;][vc_column_text]1969<\/p>\n<p>Nacido en Pskow, Russia[\/vc_column_text][vc_column_text]1976 &#8211; 1984<\/p>\n<p>Escuela No. 15, Liceo humanitario, Pskow[\/vc_column_text][vc_empty_space height=\u00bb10px\u00bb][vc_single_image image=\u00bb11505&#8243; img_size=\u00bb530&#215;410&#8243; add_caption=\u00bbyes\u00bb][vc_column_text]1980 &#8211; 1984<\/p>\n<p>Escuela Estatal de arte para ni\u00f1os, Pskow<br \/>\nPintura de Igor Makeev[\/vc_column_text][vc_column_text]1984 &#8211; 1986<\/p>\n<p>F\u00edsica-Escuela Matem\u00e1tica,<br \/>\nInternado No. 45, Colegio acad\u00e9micoen<br \/>\nen el Universidad\u00a0Estatal de San Petersburgo[\/vc_column_text][vc_column_text]1986 &#8211; 1991<\/p>\n<p>Estudios de biolog\u00eda en el<br \/>\nUniversidad Estatal de San Petersburgo[\/vc_column_text][vc_empty_space height=\u00bb10px\u00bb][vc_single_image image=\u00bb10996&#8243; img_size=\u00bb530&#215;300&#8243; add_caption=\u00bbyes\u00bb onclick=\u00bbkalium_lightbox\u00bb][vc_column_text]1991<\/p>\n<p>Asistente de investigaci\u00f3n en el<br \/>\nInvestigaci\u00f3n de campo en el Instituto Geobot\u00e1nico<br \/>\nde la Universidad Estatal de San Petersburgo[\/vc_column_text][vc_column_text]1991 &#8211; 1997<\/p>\n<p>Estudio de pintura en el<br \/>\nAcademia de Arte del Estado y Dise\u00f1o<br \/>\nA.L. Stieglitz, San Petersburgo[\/vc_column_text][vc_column_text]1997<\/p>\n<p>Nacimiento del hijo Andr\u00e9 y<br \/>\nEmigraci\u00f3n a Alemania[\/vc_column_text][vc_column_text]1999 &#8211; 2004<\/p>\n<p>Dise\u00f1o de comunicaci\u00f3n estudiado<br \/>\nRheinMain Universidad de Ciencias Aplicadas, Wiesbaden[\/vc_column_text][vc_column_text]2004<\/p>\n<p>Beca Gutenberg de la ciudad de Maguncia[\/vc_column_text][vc_column_text]2009<\/p>\n<p>Beca Xenia Hausner, SA Traunkirchen, Austria[\/vc_column_text][vc_column_text]2010<br \/>\nPremio del Jurado de la ciudad de Annweiler am Trifels[\/vc_column_text][vc_column_text]2015<\/p>\n<p>Artista en residencia, Galer\u00eda Kaysser, Ruhpolding[\/vc_column_text][vc_empty_space height=\u00bb10px\u00bb][vc_single_image image=\u00bb10869&#8243; img_size=\u00bb530&#215;530&#8243; add_caption=\u00bbyes\u00bb onclick=\u00bbkalium_lightbox\u00bb][vc_column_text]2019<\/p>\n<p>Laureado, Premio de Arte Andreas, San Andreasberg\/Harz[\/vc_column_text][vc_empty_space height=\u00bb10px\u00bb][vc_single_image image=\u00bb10863&#8243; img_size=\u00bb530&#215;350&#8243; add_caption=\u00bbyes\u00bb onclick=\u00bbkalium_lightbox\u00bb][vc_column_text]2020<\/p>\n<p>Beca de trabajo de la Fundaci\u00f3n Cultural de Hesse[\/vc_column_text][\/vc_column][vc_column width=\u00bb1\/2&#8243;][lab_heading title=\u00bbRetrato en v\u00eddeo, 2011&#8243;][\/lab_heading][vc_video link=\u00bbhttps:\/\/vimeo.com\/37619073&#8243;][vc_empty_space height=\u00bb20px\u00bb][lab_heading title=\u00bbExposiciones importantes\u00bb][\/lab_heading][vc_column_text]2021<\/p>\n<p>El retrato \u22c5 Galerie Rother, Wiesbaden<br \/>\nDIVERSAMENTE CONECTADOS \u22c5 EKHN Gravenbruch, Neu-Isenburg (E)<br \/>\nLo que queda \u22c5 Galerie Heidelberger Forum f\u00fcr Kunst, Heidelberg (C)<br \/>\nLuces de primavera \u22c5 Galerie Kerstner, Kronberg im Taunus (E)<br \/>\nLa calidez de la vida \u22c5 Kunstf\u00f6rderverein Weinheim (E)[\/vc_column_text][vc_column_text]2020<\/p>\n<p>Transformaci\u00f3n \u22c5 Galerie am Tor, Cornelia K\u00f6nig-Becker, Miltenberg<br \/>\nBack To Future \u22c5 Kunstverein Ladenburg, Domhof, Ladenburg<br \/>\nFelicidad \u22c5 Kunsthaus Wiesbaden y Atelierhaus Darmstadt (C)[\/vc_column_text][vc_column_text]2019<\/p>\n<p>5\u00ba Premio de Arte, ronda final \u22c5 Stadtmuseum Weilburg a. d. Lahn (C)<br \/>\n25\u00aa exposici\u00f3n Natur-Mensch \u22c5 Parque Nacional de Harz, St. Andreasberg (C)<br \/>\nWOLFE, KINDER, FINGERHUT \u22c5 Kunstraum der IG Galerien, Wiesbaden (E)<br \/>\n10 a\u00f1os PageArt \u22c5 KunstKabinett, Stadtgalerie Bad Soden am Taunus<br \/>\nLejos de todo \u22c5 Galerie Kerstner, Kronberg im Taunus (E)[\/vc_column_text][vc_column_text]2018<\/p>\n<p>\u00a1Maravillas del aire! \u22c5 Galerie Mainzer Kunst!, Maguncia<br \/>\nJulia Belot. Pintura \u22c5 Galerie F\u00dcRWAHR, Walld\u00fcrn (E)<br \/>\nLa imagen de la mujer \u22c5 Kunstverein W\u00f6rth, W\u00f6rth am Rhein<br \/>\nHistorias sobre&#8230; \u22c5 Kunstraum Gerdi Gutperle, Viernheim[\/vc_column_text][vc_column_text]2017<\/p>\n<p>\u00a1Todo alrededor del perro! \u22c5 Galerie Mainzer Kunst!, Maguncia<br \/>\nPflanzenWESEN \u22c5 Neue Galerie Kloster Bronnbach, Wertheim (E) (C)<br \/>\nGarden Dreams \u22c5 Galerie Kerstner, Kronberg im Taunus (E)<br \/>\nPageArt \u22c5 Kunstraum Bernusstra\u00dfe, Frankfurt am Main (E)[\/vc_column_text][vc_column_text]2016<\/p>\n<p>Peychinov, Belot, Paul \u22c5 Galerie Barbara von Stechow, Frankfurt am Main<br \/>\nJulia Belot. Nuevas pinturas \u22c5 Galerie Kirchner, Gr\u00fcnsfeld (E)<br \/>\nS\u00f3lo quiere jugar \u22c5 KunstRaum Riedberg, Frankfurt am Main<br \/>\nJardines del para\u00edso \u22c5 Art Priori fine art gallery, Mannheim (E)[\/vc_column_text][vc_column_text]2015<\/p>\n<p>Sal\u00f3n de Invierno \u22c5 Galerie Kaysser, Ruhpolding<br \/>\n\u00a1Pura naturaleza! \u22c5 Galerie Mainzer Art!, Maguncia<br \/>\nSeconds of happiness \u22c5 Kunstraum Bad Honnef (E)<br \/>\nNaturalmente-Personal \u22c5 Stadtmuseum Weilburg an der Lahn (E)<br \/>\nArt 15 Zurich \u22c5 Galerie Barbara von Stechow, Ffm., Exposici\u00f3n de Z\u00farich, CH<br \/>\nGartenTr\u00e4ume \u22c5 Museum im Strieffler Haus, Landau in der Pfalz<br \/>\nMejores amigos \u22c5 Kunstverein Mittelrhein KM570, Haus Metternich, Koblenz<br \/>\nA.I.R \u22c5 Galerie Kaysser, Ruhpolding<br \/>\nGl\u00fccksfall \u22c5 Galerie im Petrushof, Obermarchtal (E)<br \/>\nart Karlsruhe \u22c5 Galerie Barbara von Stechow, Ffm., Centro de Exposiciones de Karlsruhe<br \/>\nLa cinta azul \u22c5 Galerie Gecko, Solingen[\/vc_column_text][vc_column_text]2014<\/p>\n<p>Kunst 14 Z\u00fcrich \u22c5 Galerie Barbara von Stechow, Ffm. \u22c5 Exposici\u00f3n de Z\u00farich, CH<br \/>\nSekundengl\u00fcck \u22c5 Galerie Kerstner, Kronberg im Taunus (E)<br \/>\n\u00a1Mensch! \u22c5 Galerie Kaysser, Ruhpolding<br \/>\nSekundengl\u00fcck \u22c5 Rathausfoyer, Wiesbaden (E)<br \/>\nzArtbitter \u22c5 Kap-Hoorn Art &#8211; die Sechste, Hafenateliers, Bremen (C)<br \/>\n\u00abP\u00edntame un poni\u00bb \u22c5 Galerie Kaysser, Ruhpolding<br \/>\nSentimientos de primavera \u22c5 Galerie Gecko, Solingen<br \/>\nFlowerpower \u22c5 Galerie ASPEKT, Neustadt an der Weinstra\u00dfe[\/vc_column_text][vc_column_text]2013<\/p>\n<p>En el r\u00edo &#8211; 10 a\u00f1os de KM570 \u22c5 Vest\u00edbulo del Parlamento RLP, Maguncia<br \/>\nExposici\u00f3n de Navidad \u22c5 Kunsthaus Kl\u00fcber, Weinheim<br \/>\nKunstkammer \u22c5 Galerie Gecko, Solingen<br \/>\nProyecto art\u00edstico \u00abFranz von Stuck\u00bb \u22c5 Landkreisgalerie Passau, Schloss Neuburg<br \/>\nGrandes formatos \u22c5 Kunstverein Ladenburg<br \/>\nZ\u00fcgel&#8217;s Tiere versus Modern Art(ists) \u22c5 Kunstverein W\u00f6rth am Rhein<br \/>\nSUMMERimpressions \u22c5 Galerie Gecko, Solingen<br \/>\nMulticolor \u22c5 Galerie Kaysser, Ruhpolding<br \/>\nLa frente del artista \u22c5 Atelierhaus Dachauerstra\u00dfe, M\u00fanich<br \/>\nLa imagen de la mujer hoy \u22c5 Frauenkulturzentrum Primadonna, Potsdam<br \/>\nSaltar a la primavera \u22c5 Galerie Gecko, Solingen[\/vc_column_text][vc_column_text]2012<\/p>\n<p>Todo mi mundo \u22c5 Artgalerie am Schloss, Bad Bergzabern (E)<br \/>\nK\u00f6rperSch\u00f6nheiten \u22c5 Rathaus Foyer, Wiesbaden<br \/>\n18\u00aa exposici\u00f3n Natur-Mensch \u22c5 Parque Nacional de Harz, St. Andreasberg (C)<br \/>\n\u00abCherchez la femme !\u00bb \u22c5 Galerie Mainzer Kunst!, Maguncia[\/vc_column_text][vc_column_text]2011<\/p>\n<p>2\u00aa exposici\u00f3n con jurado \u22c5 Kunstverein Kulmbach, Museo de la Cervecer\u00eda, Kulmbach<br \/>\nStippvisite \u22c5 Kunstverein Hoechst Bolongaro, Frankfurt am Main-Hoechst (E)<br \/>\nTBB &#8211; La Ciudad \u22c5 Kunstverein Tauberbischofsheim<br \/>\nJulia Belot. Pintura \u22c5 Galerie Kirchner, Gr\u00fcnsfeld (E)<br \/>\nFascinaci\u00f3n \u22c5 Galerie ASPEKT, Neustadt an der Weinstra\u00dfe (E)<br \/>\nJulia Belot. Pintar. Vida \u22c5 Galer\u00eda de la ciudad de Neu-Isenburg (E)<br \/>\nJulia Belot. Pintura \u22c5 KSK Rhein-Hunsr\u00fcck, Simmern (E)<br \/>\nAgave dragon y digital \u22c5 thalhaus.Galerie, Wiesbaden (E)[\/vc_column_text][vc_column_text]2010<br \/>\nI vincitori&#8230; \u22c5 Sotterraneo della Biblioteca \u22c5 Gorgonzola (Milano) \u22c5 Italia<br \/>\nEl mensaje de la vida \u22c5 Galerie Mainzer Kunst! \u22c5 Jornadas Culturales AKK \u22c5 Maguncia (E)<br \/>\nEl arte de la naturaleza es el&#8230; \u22c5 Asociaci\u00f3n de Artistas de Walkm\u00fchle \u22c5 Wiesbaden (C)<br \/>\nNord Art 2010 \u22c5 Rendsburg-B\u00fcdelsdorf (C)<br \/>\n16\u00aa Exposici\u00f3n Natur-Mensch \u22c5 Parque Nacional de Harz \u22c5 St. Andreasberg (C)[\/vc_column_text][vc_column_text]2009<\/p>\n<p>Liebenswert \u22c5 Main-Taunus-Galerie, Kreishaus MTK, Hofheim (E)<br \/>\nPintura de animales, plantas y personas \u22c5 Galerie Wort-Art, Wiesbaden (E)<br \/>\nUna vista al para\u00edso \u22c5 Galerie Mainzer Kunst!, Maguncia (E)[\/vc_column_text][vc_column_text]2008<\/p>\n<p>Arte al cuadrado \u22c5 Kunstverein Eisenturm, Maguncia[\/vc_column_text][vc_column_text]2007<\/p>\n<p>Idilio \u22c5 Asociaci\u00f3n de Artistas Walkm\u00fchle, Wiesbaden<br \/>\nJulia Belot. Pintura \u22c5 HSK Wilhelm Fresenius Klinik, Wiesbaden (E)[\/vc_column_text][vc_column_text]2006<\/p>\n<p>Julia Belot. Pintura \u22c5 Kunstverein Tauberbischofsheim (E)[\/vc_column_text][vc_column_text]2005<\/p>\n<p>Generaciones \u22c5 Kunstverein Eisenturm, Rathaus Galerie, Maguncia<br \/>\nExposici\u00f3n anual \u22c5 Kunstverein Mittelrhein KM570, Villa Belgrano, Boppard<br \/>\nKunst im Stift muestra &#8211; Julia Belot \u22c5 Stiftungsklinikum Mittelrhein, Koblenz (E)[\/vc_column_text][vc_column_text]2004<\/p>\n<p>kunstdialog mz-wi \u22c5 Rathaus Galerie, Maguncia (C)<br \/>\nLimburgo con ojos de extranjero&#8230; \u22c5 Galerie auf der Treppe, Limburgo (E)<br \/>\nJulia Belot. Pintura \u22c5 Galerie unter\u2019m Maulbeerbaum, Badenheim (E)[\/vc_column_text][vc_column_text](E) = Exposici\u00f3n individual, (C) = Cat\u00e1logo[\/vc_column_text][vc_empty_space][lab_heading title=\u00bbColecciones\u00bb][\/lab_heading][vc_column_text]Colecci\u00f3n Auernheimer, Badenheim<br \/>\nColecci\u00f3n Andrea Kaysser<br \/>\nColecci\u00f3n de arte de la ciudad de Wiesbaden<br \/>\nColecci\u00f3n de arte del distrito de Main-Taunus, Hofheim<br \/>\nMuseo de la ciudad de Neu-Isenburg<br \/>\nJard\u00edn Bot\u00e1nico, Universidad Johannes Gutenberg, Maguncia<br \/>\nCiudad de Annweiler am Trifels<br \/>\nStadtwerk, Bad Mergentheim[\/vc_column_text][\/vc_column][\/vc_row][vc_row][vc_column][vc_empty_space height=\u00bb64px\u00bb][vc_separator color=\u00bbblack\u00bb][vc_empty_space height=\u00bb64px\u00bb][vc_single_image image=\u00bb10854&#8243; img_size=\u00bbfull\u00bb add_caption=\u00bbyes\u00bb][lab_heading title=\u00bbPatria\u00bb][\/lab_heading][vc_column_text]Para m\u00ed, patria es un pa\u00eds que dio forma a mi infancia y mi juventud, que a\u00fan se refleja en mis sue\u00f1os. Patria es tambi\u00e9n un pa\u00eds que me dio la oportunidad de realizarme, de convertirme en la persona que soy ahora. En mi caso, son dos pa\u00edses distintos a los que debo agradecer.[\/vc_column_text][vc_empty_space height=\u00bb64px\u00bb][vc_separator color=\u00bbblack\u00bb][\/vc_column][\/vc_row][\/vc_section]<\/p>\n<\/div>","protected":false},"excerpt":{"rendered":"<p>[vc_section][vc_row 0=\u00bb\u00bb][vc_column width=\u00bb1\/2&#8243; reveal_effect=\u00bbfadeIn\u00bb reveal_duration=\u00bb1&#8243; reveal_delay=\u00bb0.3&#8243;][vc_single_image image=\u00bb4235&#8243; img_size=\u00bb530&#215;400&#8243;][\/vc_column][vc_column width=\u00bb1\/2&#8243; reveal_effect=\u00bbfadeIn\u00bb reveal_duration=\u00bb1.5&#8243; reveal_delay=\u00bb0.5&#8243;][vc_column_text 0=\u00bb\u00bb]Mi intension es de exprimar de una manera positiva la esencia de las personas, de la natura y de todo lo que pinto. Es lo bueno y lo hermoso que me interessa. No pierdo de vista los malos lados de la existencia. No&hellip;<\/p>\n","protected":false},"author":1,"featured_media":0,"parent":0,"menu_order":101,"comment_status":"open","ping_status":"closed","template":"","meta":{"_acf_changed":false,"footnotes":""},"class_list":["post-2167","page","type-page","status-publish","hentry"],"acf":[],"yoast_head":"<!-- This site is optimized with the Yoast SEO plugin v27.6 - https:\/\/yoast.com\/product\/yoast-seo-wordpress\/ -->\n<title>Artista Pintura - Julia Belot - Pintura<\/title>\n<meta name=\"robots\" content=\"index, follow, max-snippet:-1, max-image-preview:large, max-video-preview:-1\" \/>\n<link rel=\"canonical\" href=\"https:\/\/julia-belot.de\/malerin\/\" \/>\n<meta property=\"og:locale\" content=\"es_ES\" \/>\n<meta property=\"og:type\" content=\"article\" \/>\n<meta property=\"og:title\" content=\"[:de]Malerin[:en]Painter[:fr]Artiste Peintre[:es]Artista Pintura[:ru]\u0425\u0443\u0434\u043e\u0436\u043d\u0438\u043a[:] - Julia Belot - Pintura\" \/>\n<meta property=\"og:description\" content=\"[vc_section][vc_row 0=\u00bb\u00bb][vc_column width=\u00bb1\/2&#8243; reveal_effect=\u00bbfadeIn\u00bb reveal_duration=\u00bb1&#8243; reveal_delay=\u00bb0.3&#8243;][vc_single_image image=\u00bb4235&#8243; img_size=\u00bb530&#215;400&#8243;][\/vc_column][vc_column width=\u00bb1\/2&#8243; reveal_effect=\u00bbfadeIn\u00bb reveal_duration=\u00bb1.5&#8243; reveal_delay=\u00bb0.5&#8243;][vc_column_text 0=\u00bb\u00bb]Mi intension es de exprimar de una manera positiva la esencia de las personas, de la natura y de todo lo que pinto. Es lo bueno y lo hermoso que me interessa. No pierdo de vista los malos lados de la existencia. No&hellip;\" \/>\n<meta property=\"og:url\" content=\"https:\/\/julia-belot.de\/malerin\/\" \/>\n<meta property=\"og:site_name\" content=\"Julia Belot - Pintura\" \/>\n<meta property=\"article:publisher\" content=\"https:\/\/www.facebook.com\/Julia-Belot-Malerei-814418752031068\/?fref=ts\" \/>\n<meta property=\"article:modified_time\" content=\"2025-06-09T11:05:53+00:00\" \/>\n<meta name=\"twitter:card\" content=\"summary_large_image\" \/>\n<meta name=\"twitter:label1\" content=\"Tiempo de lectura\" \/>\n\t<meta name=\"twitter:data1\" content=\"9 minutos\" \/>\n<script type=\"application\/ld+json\" class=\"yoast-schema-graph\">{\"@context\":\"https:\\\/\\\/schema.org\",\"@graph\":[{\"@type\":\"WebPage\",\"@id\":\"https:\\\/\\\/julia-belot.de\\\/malerin\\\/\",\"url\":\"https:\\\/\\\/julia-belot.de\\\/malerin\\\/\",\"name\":\"[:de]Malerin[:en]Painter[:fr]Artiste Peintre[:es]Artista Pintura[:ru]\u0425\u0443\u0434\u043e\u0436\u043d\u0438\u043a[:] - Julia Belot - Pintura\",\"isPartOf\":{\"@id\":\"https:\\\/\\\/julia-belot.de\\\/ru\\\/#website\"},\"datePublished\":\"2015-03-12T13:52:34+00:00\",\"dateModified\":\"2025-06-09T11:05:53+00:00\",\"breadcrumb\":{\"@id\":\"https:\\\/\\\/julia-belot.de\\\/malerin\\\/#breadcrumb\"},\"inLanguage\":\"es\",\"potentialAction\":[{\"@type\":\"ReadAction\",\"target\":[\"https:\\\/\\\/julia-belot.de\\\/malerin\\\/\"]}]},{\"@type\":\"BreadcrumbList\",\"@id\":\"https:\\\/\\\/julia-belot.de\\\/malerin\\\/#breadcrumb\",\"itemListElement\":[{\"@type\":\"ListItem\",\"position\":1,\"name\":\"Startseite\",\"item\":\"https:\\\/\\\/julia-belot.de\\\/\"},{\"@type\":\"ListItem\",\"position\":2,\"name\":\"Malerin\"}]},{\"@type\":\"WebSite\",\"@id\":\"https:\\\/\\\/julia-belot.de\\\/ru\\\/#website\",\"url\":\"https:\\\/\\\/julia-belot.de\\\/ru\\\/\",\"name\":\"Julia Belot - Malerei\",\"description\":\"\",\"potentialAction\":[{\"@type\":\"SearchAction\",\"target\":{\"@type\":\"EntryPoint\",\"urlTemplate\":\"https:\\\/\\\/julia-belot.de\\\/ru\\\/?s={search_term_string}\"},\"query-input\":{\"@type\":\"PropertyValueSpecification\",\"valueRequired\":true,\"valueName\":\"search_term_string\"}}],\"inLanguage\":\"es\"}]}<\/script>\n<!-- \/ Yoast SEO plugin. -->","yoast_head_json":{"title":"[:de]Malerin[:en]Painter[:fr]Artiste Peintre[:es]Artista Pintura[:ru]\u0425\u0443\u0434\u043e\u0436\u043d\u0438\u043a[:] - Julia Belot - Pintura","robots":{"index":"index","follow":"follow","max-snippet":"max-snippet:-1","max-image-preview":"max-image-preview:large","max-video-preview":"max-video-preview:-1"},"canonical":"https:\/\/julia-belot.de\/malerin\/","og_locale":"es_ES","og_type":"article","og_title":"[:de]Malerin[:en]Painter[:fr]Artiste Peintre[:es]Artista Pintura[:ru]\u0425\u0443\u0434\u043e\u0436\u043d\u0438\u043a[:] - Julia Belot - Pintura","og_description":"[vc_section][vc_row 0=\u00bb\u00bb][vc_column width=\u00bb1\/2&#8243; reveal_effect=\u00bbfadeIn\u00bb reveal_duration=\u00bb1&#8243; reveal_delay=\u00bb0.3&#8243;][vc_single_image image=\u00bb4235&#8243; img_size=\u00bb530&#215;400&#8243;][\/vc_column][vc_column width=\u00bb1\/2&#8243; reveal_effect=\u00bbfadeIn\u00bb reveal_duration=\u00bb1.5&#8243; reveal_delay=\u00bb0.5&#8243;][vc_column_text 0=\u00bb\u00bb]Mi intension es de exprimar de una manera positiva la esencia de las personas, de la natura y de todo lo que pinto. Es lo bueno y lo hermoso que me interessa. No pierdo de vista los malos lados de la existencia. No&hellip;","og_url":"https:\/\/julia-belot.de\/malerin\/","og_site_name":"Julia Belot - Pintura","article_publisher":"https:\/\/www.facebook.com\/Julia-Belot-Malerei-814418752031068\/?fref=ts","article_modified_time":"2025-06-09T11:05:53+00:00","twitter_card":"summary_large_image","twitter_misc":{"Tiempo de lectura":"9 minutos"},"schema":{"@context":"https:\/\/schema.org","@graph":[{"@type":"WebPage","@id":"https:\/\/julia-belot.de\/malerin\/","url":"https:\/\/julia-belot.de\/malerin\/","name":"[:de]Malerin[:en]Painter[:fr]Artiste Peintre[:es]Artista Pintura[:ru]\u0425\u0443\u0434\u043e\u0436\u043d\u0438\u043a[:] - Julia Belot - Pintura","isPartOf":{"@id":"https:\/\/julia-belot.de\/ru\/#website"},"datePublished":"2015-03-12T13:52:34+00:00","dateModified":"2025-06-09T11:05:53+00:00","breadcrumb":{"@id":"https:\/\/julia-belot.de\/malerin\/#breadcrumb"},"inLanguage":"es","potentialAction":[{"@type":"ReadAction","target":["https:\/\/julia-belot.de\/malerin\/"]}]},{"@type":"BreadcrumbList","@id":"https:\/\/julia-belot.de\/malerin\/#breadcrumb","itemListElement":[{"@type":"ListItem","position":1,"name":"Startseite","item":"https:\/\/julia-belot.de\/"},{"@type":"ListItem","position":2,"name":"Malerin"}]},{"@type":"WebSite","@id":"https:\/\/julia-belot.de\/ru\/#website","url":"https:\/\/julia-belot.de\/ru\/","name":"Julia Belot - Malerei","description":"","potentialAction":[{"@type":"SearchAction","target":{"@type":"EntryPoint","urlTemplate":"https:\/\/julia-belot.de\/ru\/?s={search_term_string}"},"query-input":{"@type":"PropertyValueSpecification","valueRequired":true,"valueName":"search_term_string"}}],"inLanguage":"es"}]}},"_links":{"self":[{"href":"https:\/\/julia-belot.de\/es\/wp-json\/wp\/v2\/pages\/2167","targetHints":{"allow":["GET"]}}],"collection":[{"href":"https:\/\/julia-belot.de\/es\/wp-json\/wp\/v2\/pages"}],"about":[{"href":"https:\/\/julia-belot.de\/es\/wp-json\/wp\/v2\/types\/page"}],"author":[{"embeddable":true,"href":"https:\/\/julia-belot.de\/es\/wp-json\/wp\/v2\/users\/1"}],"replies":[{"embeddable":true,"href":"https:\/\/julia-belot.de\/es\/wp-json\/wp\/v2\/comments?post=2167"}],"version-history":[{"count":5,"href":"https:\/\/julia-belot.de\/es\/wp-json\/wp\/v2\/pages\/2167\/revisions"}],"predecessor-version":[{"id":19267,"href":"https:\/\/julia-belot.de\/es\/wp-json\/wp\/v2\/pages\/2167\/revisions\/19267"}],"wp:attachment":[{"href":"https:\/\/julia-belot.de\/es\/wp-json\/wp\/v2\/media?parent=2167"}],"curies":[{"name":"wp","href":"https:\/\/api.w.org\/{rel}","templated":true}]}}