{"id":2167,"date":"2015-03-12T14:52:34","date_gmt":"2015-03-12T13:52:34","guid":{"rendered":"http:\/\/demo-content.kaliumtheme.com\/main\/?page_id=2167"},"modified":"2025-06-09T13:05:53","modified_gmt":"2025-06-09T11:05:53","slug":"malerin","status":"publish","type":"page","link":"https:\/\/julia-belot.de\/fr\/malerin\/","title":{"rendered":"Artiste Peintre"},"content":{"rendered":"<div class=\"wpb-content-wrapper\"><p>[vc_section][vc_row 0=\u00a0\u00bb\u00a0\u00bb][vc_column width=\u00a0\u00bb1\/2&Prime; reveal_effect=\u00a0\u00bbfadeIn\u00a0\u00bb reveal_duration=\u00a0\u00bb1&Prime; reveal_delay=\u00a0\u00bb0.3&Prime;][vc_single_image image=\u00a0\u00bb4235&Prime; img_size=\u00a0\u00bb530&#215;400&Prime;][\/vc_column][vc_column width=\u00a0\u00bb1\/2&Prime; reveal_effect=\u00a0\u00bbfadeIn\u00a0\u00bb reveal_duration=\u00a0\u00bb1.5&Prime; reveal_delay=\u00a0\u00bb0.5&Prime;][vc_column_text 0=\u00a0\u00bb\u00a0\u00bb]J&rsquo;aimerais exprimer de fa\u00e7on positive l&rsquo;essence des personnages,<br \/>\nde la nature et de tout ce que je peints.<\/p>\n<p>C&rsquo;est le bien, le beau qui m&rsquo;interesse. Sans que je perde de vue<br \/>\nles mauvais c\u00f4t\u00e9s de l&rsquo;existence. Je ne practique pas la politique<br \/>\nde l&rsquo;autruche. Ces c\u00f4t\u00e9s sombres sont pr\u00e9sents mais ils restent<br \/>\nen arri\u00e8re plan. Je fais ressortir ce qui est digne d&rsquo;\u00eatre aim\u00e9.<\/p>\n<p>Ce qui m&rsquo;interesse ce sont les petits moments \u00e9mouvants et<br \/>\nagr\u00e9able de la vie qui ont trop tendance \u00e0 \u00eatre oubli\u00e9s dans le<br \/>\ntrain train quoditien. L&rsquo;exposer, d\u00e9masquer, provoquer:<br \/>\nje laisse aux autres le soin de s&rsquo;en pr\u00e9ocuper.<\/p>\n<p>Julia Belot[\/vc_column_text][\/vc_column][\/vc_row][vc_row 0=\u00a0\u00bb\u00a0\u00bb][vc_column reveal_effect=\u00a0\u00bbfadeIn\u00a0\u00bb reveal_duration=\u00a0\u00bb1&Prime; reveal_delay=\u00a0\u00bb0.3&Prime;][vc_empty_space height=\u00a0\u00bb64px\u00a0\u00bb][vc_separator color=\u00a0\u00bbblack\u00a0\u00bb][\/vc_column][\/vc_row][vc_row][vc_column width=\u00a0\u00bb1\/2&Prime;][lab_heading title=\u00a0\u00bbBiographie\u00a0\u00bb][\/lab_heading][vc_single_image image=\u00a0\u00bb6496&Prime;][vc_column_text]1969<\/p>\n<p>N\u00e9 \u00e0 Pskow, Russie[\/vc_column_text][vc_column_text]1976 &#8211; 1984<\/p>\n<p>\u00c9cole n \u00b0 15,\u00a0 Lyc\u00e9e humanitaire, Pskow[\/vc_column_text][vc_empty_space height=\u00a0\u00bb10px\u00a0\u00bb][vc_single_image image=\u00a0\u00bb11505&Prime; img_size=\u00a0\u00bb530&#215;410&Prime; add_caption=\u00a0\u00bbyes\u00a0\u00bb][vc_column_text]1980 &#8211; 1984<\/p>\n<p>\u00c9cole d&rsquo;art pour enfants, Pskow<br \/>\nPeinture d&rsquo;Igor Makeev[\/vc_column_text][vc_column_text]1984 &#8211; 1986<\/p>\n<p>\u00c9cole de physique-math\u00e9matique,<br \/>\nInternat n \u00b0 45, lyc\u00e9e acad\u00e9mique<br \/>\nau Universit\u00e9 de Saint-P\u00e9tersbourg[\/vc_column_text][vc_column_text]1986 &#8211; 1991<\/p>\n<p>Les \u00e9tudes de biologie au<br \/>\nUniversit\u00e9 de Saint-P\u00e9tersbourg[\/vc_column_text][vc_empty_space height=\u00a0\u00bb10px\u00a0\u00bb][vc_single_image image=\u00a0\u00bb10996&Prime; img_size=\u00a0\u00bb530&#215;300&Prime; add_caption=\u00a0\u00bbyes\u00a0\u00bb onclick=\u00a0\u00bbkalium_lightbox\u00a0\u00bb][vc_column_text]1991<\/p>\n<p>Assistant de recherche dans le<br \/>\nRecherche sur le terrain \u00e0 l&rsquo;Institut g\u00e9obotanique<br \/>\nde l&rsquo;Universit\u00e9 de Saint-P\u00e9tersbourg[\/vc_column_text][vc_column_text]1991 &#8211; 1997<\/p>\n<p>\u00c9tude de la peinture au<br \/>\nAcad\u00e9mie d&rsquo;Art et Design<br \/>\nA.L. Stieglitz, Saint-P\u00e9tersbourg[\/vc_column_text][vc_column_text]1997<\/p>\n<p>Naissance du fils Andr\u00e9 et<br \/>\n\u00c9migration en Allemagne[\/vc_column_text][vc_column_text]1999 &#8211; 2004<\/p>\n<p>Conception de communication \u00e9tudi\u00e9e<br \/>\nRheinMain Universit\u00e9 des sciences appliqu\u00e9es, Wiesbaden[\/vc_column_text][vc_column_text]2004<\/p>\n<p>Bourse Gutenberg de la ville de Mayence[\/vc_column_text][vc_column_text]2009<\/p>\n<p>Classe de bourses d&rsquo;\u00e9tudes Xenia Hausner,<br \/>\nSA Traunkirchen, Autriche[\/vc_column_text][vc_column_text]2010<\/p>\n<p>Prix du jury \u200b\u200bde la ville d&rsquo;Annweiler am Trifels[\/vc_column_text][vc_column_text]2015<\/p>\n<p>Artiste en r\u00e9sidence, Galerie Kaysser, Ruhpolding[\/vc_column_text][vc_empty_space height=\u00a0\u00bb10px\u00a0\u00bb][vc_single_image image=\u00a0\u00bb10869&Prime; img_size=\u00a0\u00bb530&#215;530&Prime; add_caption=\u00a0\u00bbyes\u00a0\u00bb onclick=\u00a0\u00bbkalium_lightbox\u00a0\u00bb][vc_column_text]2019<\/p>\n<p>Laur\u00e9at du Prix artistique Andreas, St. Andreasberg\/Harz[\/vc_column_text][vc_empty_space height=\u00a0\u00bb10px\u00a0\u00bb][vc_single_image image=\u00a0\u00bb10863&Prime; img_size=\u00a0\u00bb530&#215;350&Prime; add_caption=\u00a0\u00bbyes\u00a0\u00bb onclick=\u00a0\u00bbkalium_lightbox\u00a0\u00bb][vc_column_text]2020<\/p>\n<p>Bourse de travail de la Fondation culturelle de la Hesse[\/vc_column_text][\/vc_column][vc_column width=\u00a0\u00bb1\/2&Prime;][lab_heading title=\u00a0\u00bbPortrait vid\u00e9o. 2011&Prime;][\/lab_heading][vc_video link=\u00a0\u00bbhttps:\/\/vimeo.com\/37619073&Prime;][vc_empty_space height=\u00a0\u00bb20px\u00a0\u00bb][lab_heading title=\u00a0\u00bbExpositions importantes\u00a0\u00bb] [\/lab_heading][vc_column_text]2021<\/p>\n<p>Le portrait \u22c5 Galerie Rother, Wiesbaden<br \/>\nDIVERSEMENT CONNECT\u00c9S \u22c5 EKHN Gravenbruch, Neu-Isenburg (E)<br \/>\nCe qui reste \u22c5 Galerie Heidelberger Forum f\u00fcr Kunst, Heidelberg (C)<br \/>\nLumi\u00e8res de printemps \u22c5 Galerie Kerstner, Kronberg im Taunus (E)<br \/>\nLa chaleur de la vie \u22c5 Kunstf\u00f6rderverein Weinheim (E)[\/vc_column_text][vc_column_text]2020<\/p>\n<p>Transformation \u22c5 Galerie am Tor, Cornelia K\u00f6nig-Becker, Miltenberg<br \/>\nBack To Future \u22c5 Kunstverein Ladenburg, Domhof, Ladenburg<br \/>\nLe bonheur \u22c5 Kunsthaus Wiesbaden et Atelierhaus Darmstadt (C)[\/vc_column_text][vc_column_text]2019<\/p>\n<p>5e Prix d&rsquo;art Weilburg, \u00e9preuve finale \u22c5 Stadtmuseum Weilburg a. d. Lahn (K)<br \/>\n25e exposition Nature &#8211; Homme \u22c5 Parc national du Harz, St. Andreasberg (K)<br \/>\nWOLFE, KINDER, FINGERHUT \u22c5 Kunstraum der IG Galerien, Wiesbaden (E)<br \/>\n10 ans PageArt \u22c5 KunstKabinett, Galerie municipale de Bad Soden am Taunus<br \/>\nLoin de tout \u22c5 Galerie Kerstner, Kronberg im Taunus (E)[\/vc_column_text][vc_column_text]2018<\/p>\n<p>Les merveilles de l&rsquo;air! \u22c5 Galerie Mainzer Kunst!, Mayence<br \/>\nJulia Belot. Peinture \u22c5 Galerie F\u00dcRWAHR, Walld\u00fcrn (E)<br \/>\nL&rsquo;image de la femme \u22c5 Kunstverein W\u00f6rth, W\u00f6rth am Rhein<br \/>\nHistoires de&#8230; \u22c5 Kunstraum Gerdi Gutperle, Viernheim[\/vc_column_text][vc_column_text]2017<\/p>\n<p>Tout autour du chien ! \u22c5 Galerie Mainzer Kunst !, Mayence<br \/>\nPflanzenWESEN \u22c5 Neue Galerie Kloster Bronnbach, Wertheim (E) (K)<br \/>\nR\u00eaves de jardin \u22c5 Galerie Kerstner, Kronberg im Taunus (E)<br \/>\nPageArt \u22c5 Kunstraum Bernusstra\u00dfe, Francfort-sur-le-Main[\/vc_column_text][vc_column_text]2016<\/p>\n<p>Peychinov, Belot, Paul \u22c5 Galerie Barbara von Stechow, Frankfurt am Main<br \/>\nJulia Belot. Nouvelles peintures \u22c5 Galerie Kirchner, Gr\u00fcnsfeld (E)<br \/>\nIl veut juste jouer \u22c5 KunstRaum Riedberg, Frankfurt am Main<br \/>\nJardins du paradis \u22c5 Art Priori fine art gallery, Mannheim (E)[\/vc_column_text][vc_column_text]2015<\/p>\n<p>Salon d&rsquo;hiver \u22c5 Galerie Kaysser, Ruhpolding<br \/>\nLa nature \u00e0 l&rsquo;\u00e9tat pur ! \u22c5 Galerie Mainzer Art !, Mayence<br \/>\nDes secondes de bonheur \u22c5 Kunstraum Bad Honnef (E)<br \/>\nNaturellement-Personnellement \u22c5 Stadtmuseum Weilburg an der Lahn (E)<br \/>\nArt 15 Zurich \u22c5 Galerie Barbara von Stechow, Ffm., Foire de Zurich, CH<br \/>\nGartenTr\u00e4ume \u22c5 Museum im Strieffler Haus, Landau in der Pfalz, Allemagne<br \/>\nLes meilleurs amis \u22c5 Kunstverein Mittelrhein KM570, Haus Metternich, Koblenz<br \/>\nA.I.R \u22c5 Galerie Kaysser, Ruhpolding<br \/>\nGl\u00fccksfall \u22c5 Galerie imPetrushof, Obermarchtal (E)<br \/>\nart Karlsruhe \u22c5 Galerie Barbara von Stechow, Ffm, Parc des expositions de Karlsruhe<br \/>\nLe Ruban Bleu \u22c5 Galerie Gecko, Solingen[\/vc_column_text][vc_column_text]2014<\/p>\n<p>Kunst 14 Z\u00fcrich \u22c5 Galerie Barbara von Stechow, Ffm. \u22c5 Foire de Zurich, CH<br \/>\nSekundengl\u00fcck \u22c5 Galerie Kerstner, Kronberg im Taunus (E)<br \/>\nMensch! \u22c5 Galerie Kaysser, Ruhpolding<br \/>\nSekundengl\u00fcck \u22c5 Rathausfoyer, Wiesbaden (E)<br \/>\nzArtbitter \u22c5 Kap-Hoorn Art &#8211; die Sechste, Hafenateliers, Br\u00eame (C)<br \/>\n\u00ab\u00a0Peins-moi un poney\u00a0\u00bb \u22c5 Galerie Kaysser, Ruhpolding<br \/>\nFi\u00e8vre du printemps \u22c5 Galerie Gecko, Solingen<br \/>\nFlowerpower \u22c5 Galerie ASPEKT, Neustadt an der Weinstra\u00dfe[\/vc_column_text][vc_column_text]2013<\/p>\n<p>Dans la rivi\u00e8re &#8211; 10 ans de KM570 \u22c5 Foyer du Parlement de RLP, Mayence<br \/>\nExposition de No\u00ebl \u22c5 Kunsthaus Kl\u00fcber, Weinheim<br \/>\nKunstkammer \u22c5 Galerie Gecko, Solingen<br \/>\nProjet d&rsquo;art \u00ab\u00a0Franz von Stuck\u00a0\u00bb \u22c5 Galerie du district de Passau, Ch\u00e2teau de Neuburg<br \/>\nGrands formats \u22c5 Kunstverein Ladenburg<br \/>\nZ\u00fcgel&rsquo;s Tiere versus Modern Art(ists) \u22c5 Kunstverein W\u00f6rth am Rhein<br \/>\nSUMMERimpressions \u22c5 Galerie Gecko, Solingen<br \/>\nColor\u00e9 \u22c5 Galerie Kaysser, Ruhpolding<br \/>\nLe front de l&rsquo;artiste \u22c5 Atelierhaus Dachauerstra\u00dfe, Munich<br \/>\nL&rsquo;image du femme actuellement \u22c5 Centre culturel des femmes Primadonna, Potsdam<br \/>\nSautez au printemps \u22c5 Galerie Gecko, Solingen[\/vc_column_text][vc_column_text]2012<\/p>\n<p>Tout mon monde \u22c5 Artgalerie am Schloss, Bad Bergzabern (E)<br \/>\nK\u00f6rperSch\u00f6nheiten \u22c5 Rathaus Foyer, Wiesbaden<br \/>\n18e exposition Natur &#8211; Mensch \u22c5 Parc national du Harz, St. Andreasberg (C)<br \/>\n\u00ab\u00a0Cherchez la femme !\u00a0\u00bb \u22c5 Galerie Mainzer Kunst!, Mayence[\/vc_column_text][vc_column_text]2011<\/p>\n<p>2\u00e8me exposition jug\u00e9e \u22c5 Kunstverein Kulmbach, Brauereimuseum, Kulmbach<br \/>\nStippvisite \u22c5 Kunstverein Hoechst Bolongaro, Frankfurt am Main-Hoechst (E)<br \/>\nTBB &#8211; La ville \u22c5 Kunstverein Tauberbischofsheim<br \/>\nJulia Belot. Peinture \u22c5 Galerie Kirchner, Gr\u00fcnsfeld (E)<br \/>\nFascination \u22c5 Galerie ASPEKT, Neustadt an der Weinstra\u00dfe (E)<br \/>\nJulia Belot. La peinture. La vie \u22c5 Galerie de la ville de Neu-Isenburg (E)<br \/>\nJulia Belot. Peinture \u22c5 KSK Rhein-Hunsr\u00fcck, Simmern (E)<br \/>\nDragon d&rsquo;agave et digitale \u22c5 thalhaus Galerie, Wiesbaden (E)[\/vc_column_text][vc_column_text]2010<\/p>\n<p>I vincitori&#8230; \u22c5 Sotterraneo della Biblioteca, Gorgonzola (Milano), Italie<br \/>\nLe message de la vie \u22c5 Galerie Mainzer Kunst!, AKK Kulturtage, Mayence (E)<br \/>\nL&rsquo;art de la nature est le&#8230; \u22c5 Association des artistes de Walkm\u00fchle, Wiesbaden (C)<br \/>\nNord Art 2010 \u22c5 Rendsburg-B\u00fcdelsdorf (C)<br \/>\n16e exposition Natur &#8211; Mensch \u22c5 Parc national du Harz, St. Andreasberg (C)[\/vc_column_text][vc_column_text]2009<\/p>\n<p>Liebenswert \u22c5 Main-Taunus-Galerie, Kreishaus MTK, Hofheim (E)<br \/>\nPeinture d&rsquo;animaux, de plantes et de personnes \u22c5 Galerie Wort-Art, Wiesbaden (E)<br \/>\nUne vue dans le paradis \u22c5 Galerie Mainzer Kunst !, Mayence (E)[\/vc_column_text][vc_column_text]2008<\/p>\n<p>L&rsquo;art au carr\u00e9 \u22c5 Kunstverein Eisenturm, Mayence<\/p>\n<p>[\/vc_column_text][vc_column_text]2007<\/p>\n<p>Idyll \u22c5 Association des artistes Walkm\u00fchle, Wiesbaden<br \/>\nJulia Belot. Peinture \u22c5 HSK Wilhelm Fresenius Klinik, Wiesbaden (E)[\/vc_column_text][vc_column_text]2006<\/p>\n<p>Julia Belot. Peinture \u22c5 Kunstverein Tauberbischofsheim (E)[\/vc_column_text][vc_column_text]2005<\/p>\n<p>G\u00e9n\u00e9rations \u22c5 Kunstverein Eisenturm, Rathaus Galerie, Mainz<br \/>\nExposition annuelle \u22c5 Kunstverein Mittelrhein KM570, Villa Belgrano, Boppard<br \/>\nKunst im Stift montre &#8211; Julia Belot \u22c5 Stiftungsklinikum Mittelrhein, Koblenz (E)[\/vc_column_text][vc_column_text]2004<\/p>\n<p>kunstdialog mz-wi \u22c5 Rathaus Galerie, Mayence (C)<br \/>\nLimbourg avec un regard \u00e9tranger&#8230; \u22c5 Galerie auf der Treppe, Limbourg (E)<br \/>\nJulia Belot. Peinture \u22c5 Galerie unter\u2019m Maulbeerbaum, Badenheim (E)[\/vc_column_text][vc_column_text](E) = Exposition personnelle, (C) = Catalogue[\/vc_column_text][vc_empty_space][lab_heading title=\u00a0\u00bbCollections\u00a0\u00bb][\/lab_heading][vc_column_text]Collection Auernheimer, Badenheim<br \/>\nCollection Andrea Kaysser, Ruhpolding<br \/>\nCollection d&rsquo;art de la ville de Wiesbaden<br \/>\nCollection d&rsquo;art Main-Taunus-District, Hofheim<br \/>\nMus\u00e9e de la ville de Neu-Isenburg<br \/>\nJardin botanique, Universit\u00e9 Johannes Gutenberg, Mayence<br \/>\nVille d&rsquo;Annweiler am Trifels<br \/>\nStadtwerk, Bad Mergentheim[\/vc_column_text][\/vc_column][\/vc_row][vc_row][vc_column][vc_empty_space height=\u00a0\u00bb64px\u00a0\u00bb][vc_separator color=\u00a0\u00bbblack\u00a0\u00bb][vc_empty_space height=\u00a0\u00bb64px\u00a0\u00bb][vc_single_image image=\u00a0\u00bb10854&Prime; img_size=\u00a0\u00bbfull\u00a0\u00bb add_caption=\u00a0\u00bbyes\u00a0\u00bb][lab_heading title=\u00a0\u00bbPatrie\u00a0\u00bb] [\/lab_heading][vc_column_text]Pour moi, patrie c&rsquo;est un pays celui qui a fa\u00e7onn\u00e9 mon enfance et ma jeunesse, ce qui se refl\u00e8te encore dans mes r\u00eaves. Patrie c&rsquo;est aussi un pays qui m&rsquo;a donn\u00e9 l&rsquo;opportunit\u00e9 de me r\u00e9aliser, de devenir la personne que je suis maintenant. Dans mon cas, ce sont deux pays diff\u00e9rents que je dois remercier.[\/vc_column_text][vc_empty_space height=\u00a0\u00bb64px\u00a0\u00bb][vc_separator color=\u00a0\u00bbblack\u00a0\u00bb][\/vc_column][\/vc_row][\/vc_section]<\/p>\n<\/div>","protected":false},"excerpt":{"rendered":"<p>[vc_section][vc_row 0=\u00a0\u00bb\u00a0\u00bb][vc_column width=\u00a0\u00bb1\/2&Prime; reveal_effect=\u00a0\u00bbfadeIn\u00a0\u00bb reveal_duration=\u00a0\u00bb1&Prime; reveal_delay=\u00a0\u00bb0.3&Prime;][vc_single_image image=\u00a0\u00bb4235&Prime; img_size=\u00a0\u00bb530&#215;400&Prime;][\/vc_column][vc_column width=\u00a0\u00bb1\/2&Prime; reveal_effect=\u00a0\u00bbfadeIn\u00a0\u00bb reveal_duration=\u00a0\u00bb1.5&Prime; reveal_delay=\u00a0\u00bb0.5&Prime;][vc_column_text 0=\u00a0\u00bb\u00a0\u00bb]J&rsquo;aimerais exprimer de fa\u00e7on positive l&rsquo;essence des personnages, de la nature et de tout ce que je peints. C&rsquo;est le bien, le beau qui m&rsquo;interesse. Sans que je perde de vue les mauvais c\u00f4t\u00e9s de l&rsquo;existence. Je ne practique pas la politique de&hellip;<\/p>\n","protected":false},"author":1,"featured_media":0,"parent":0,"menu_order":101,"comment_status":"open","ping_status":"closed","template":"","meta":{"_acf_changed":false,"footnotes":""},"class_list":["post-2167","page","type-page","status-publish","hentry"],"acf":[],"yoast_head":"<!-- This site is optimized with the Yoast SEO plugin v27.6 - https:\/\/yoast.com\/product\/yoast-seo-wordpress\/ -->\n<title>Artiste Peintre - Julia Belot - Peinture<\/title>\n<meta name=\"robots\" content=\"index, follow, max-snippet:-1, max-image-preview:large, max-video-preview:-1\" \/>\n<link rel=\"canonical\" href=\"https:\/\/julia-belot.de\/malerin\/\" \/>\n<meta property=\"og:locale\" content=\"fr_FR\" \/>\n<meta property=\"og:type\" content=\"article\" \/>\n<meta property=\"og:title\" content=\"[:de]Malerin[:en]Painter[:fr]Artiste Peintre[:es]Artista Pintura[:ru]\u0425\u0443\u0434\u043e\u0436\u043d\u0438\u043a[:] - Julia Belot - Peinture\" \/>\n<meta property=\"og:description\" content=\"[vc_section][vc_row 0=\u00a0\u00bb\u00a0\u00bb][vc_column width=\u00a0\u00bb1\/2&Prime; reveal_effect=\u00a0\u00bbfadeIn\u00a0\u00bb reveal_duration=\u00a0\u00bb1&Prime; reveal_delay=\u00a0\u00bb0.3&Prime;][vc_single_image image=\u00a0\u00bb4235&Prime; img_size=\u00a0\u00bb530&#215;400&Prime;][\/vc_column][vc_column width=\u00a0\u00bb1\/2&Prime; reveal_effect=\u00a0\u00bbfadeIn\u00a0\u00bb reveal_duration=\u00a0\u00bb1.5&Prime; reveal_delay=\u00a0\u00bb0.5&Prime;][vc_column_text 0=\u00a0\u00bb\u00a0\u00bb]J&rsquo;aimerais exprimer de fa\u00e7on positive l&rsquo;essence des personnages, de la nature et de tout ce que je peints. C&rsquo;est le bien, le beau qui m&rsquo;interesse. Sans que je perde de vue les mauvais c\u00f4t\u00e9s de l&rsquo;existence. Je ne practique pas la politique de&hellip;\" \/>\n<meta property=\"og:url\" content=\"https:\/\/julia-belot.de\/malerin\/\" \/>\n<meta property=\"og:site_name\" content=\"Julia Belot - Peinture\" \/>\n<meta property=\"article:publisher\" content=\"https:\/\/www.facebook.com\/Julia-Belot-Malerei-814418752031068\/?fref=ts\" \/>\n<meta property=\"article:modified_time\" content=\"2025-06-09T11:05:53+00:00\" \/>\n<meta name=\"twitter:card\" content=\"summary_large_image\" \/>\n<meta name=\"twitter:label1\" content=\"Dur\u00e9e de lecture estim\u00e9e\" \/>\n\t<meta name=\"twitter:data1\" content=\"9 minutes\" \/>\n<script type=\"application\/ld+json\" class=\"yoast-schema-graph\">{\"@context\":\"https:\\\/\\\/schema.org\",\"@graph\":[{\"@type\":\"WebPage\",\"@id\":\"https:\\\/\\\/julia-belot.de\\\/malerin\\\/\",\"url\":\"https:\\\/\\\/julia-belot.de\\\/malerin\\\/\",\"name\":\"[:de]Malerin[:en]Painter[:fr]Artiste Peintre[:es]Artista Pintura[:ru]\u0425\u0443\u0434\u043e\u0436\u043d\u0438\u043a[:] - Julia Belot - Peinture\",\"isPartOf\":{\"@id\":\"https:\\\/\\\/julia-belot.de\\\/ru\\\/#website\"},\"datePublished\":\"2015-03-12T13:52:34+00:00\",\"dateModified\":\"2025-06-09T11:05:53+00:00\",\"breadcrumb\":{\"@id\":\"https:\\\/\\\/julia-belot.de\\\/malerin\\\/#breadcrumb\"},\"inLanguage\":\"fr-FR\",\"potentialAction\":[{\"@type\":\"ReadAction\",\"target\":[\"https:\\\/\\\/julia-belot.de\\\/malerin\\\/\"]}]},{\"@type\":\"BreadcrumbList\",\"@id\":\"https:\\\/\\\/julia-belot.de\\\/malerin\\\/#breadcrumb\",\"itemListElement\":[{\"@type\":\"ListItem\",\"position\":1,\"name\":\"Startseite\",\"item\":\"https:\\\/\\\/julia-belot.de\\\/\"},{\"@type\":\"ListItem\",\"position\":2,\"name\":\"Malerin\"}]},{\"@type\":\"WebSite\",\"@id\":\"https:\\\/\\\/julia-belot.de\\\/ru\\\/#website\",\"url\":\"https:\\\/\\\/julia-belot.de\\\/ru\\\/\",\"name\":\"Julia Belot - Malerei\",\"description\":\"\",\"potentialAction\":[{\"@type\":\"SearchAction\",\"target\":{\"@type\":\"EntryPoint\",\"urlTemplate\":\"https:\\\/\\\/julia-belot.de\\\/ru\\\/?s={search_term_string}\"},\"query-input\":{\"@type\":\"PropertyValueSpecification\",\"valueRequired\":true,\"valueName\":\"search_term_string\"}}],\"inLanguage\":\"fr-FR\"}]}<\/script>\n<!-- \/ Yoast SEO plugin. -->","yoast_head_json":{"title":"[:de]Malerin[:en]Painter[:fr]Artiste Peintre[:es]Artista Pintura[:ru]\u0425\u0443\u0434\u043e\u0436\u043d\u0438\u043a[:] - Julia Belot - Peinture","robots":{"index":"index","follow":"follow","max-snippet":"max-snippet:-1","max-image-preview":"max-image-preview:large","max-video-preview":"max-video-preview:-1"},"canonical":"https:\/\/julia-belot.de\/malerin\/","og_locale":"fr_FR","og_type":"article","og_title":"[:de]Malerin[:en]Painter[:fr]Artiste Peintre[:es]Artista Pintura[:ru]\u0425\u0443\u0434\u043e\u0436\u043d\u0438\u043a[:] - Julia Belot - Peinture","og_description":"[vc_section][vc_row 0=\u00a0\u00bb\u00a0\u00bb][vc_column width=\u00a0\u00bb1\/2&Prime; reveal_effect=\u00a0\u00bbfadeIn\u00a0\u00bb reveal_duration=\u00a0\u00bb1&Prime; reveal_delay=\u00a0\u00bb0.3&Prime;][vc_single_image image=\u00a0\u00bb4235&Prime; img_size=\u00a0\u00bb530&#215;400&Prime;][\/vc_column][vc_column width=\u00a0\u00bb1\/2&Prime; reveal_effect=\u00a0\u00bbfadeIn\u00a0\u00bb reveal_duration=\u00a0\u00bb1.5&Prime; reveal_delay=\u00a0\u00bb0.5&Prime;][vc_column_text 0=\u00a0\u00bb\u00a0\u00bb]J&rsquo;aimerais exprimer de fa\u00e7on positive l&rsquo;essence des personnages, de la nature et de tout ce que je peints. C&rsquo;est le bien, le beau qui m&rsquo;interesse. Sans que je perde de vue les mauvais c\u00f4t\u00e9s de l&rsquo;existence. Je ne practique pas la politique de&hellip;","og_url":"https:\/\/julia-belot.de\/malerin\/","og_site_name":"Julia Belot - Peinture","article_publisher":"https:\/\/www.facebook.com\/Julia-Belot-Malerei-814418752031068\/?fref=ts","article_modified_time":"2025-06-09T11:05:53+00:00","twitter_card":"summary_large_image","twitter_misc":{"Dur\u00e9e de lecture estim\u00e9e":"9 minutes"},"schema":{"@context":"https:\/\/schema.org","@graph":[{"@type":"WebPage","@id":"https:\/\/julia-belot.de\/malerin\/","url":"https:\/\/julia-belot.de\/malerin\/","name":"[:de]Malerin[:en]Painter[:fr]Artiste Peintre[:es]Artista Pintura[:ru]\u0425\u0443\u0434\u043e\u0436\u043d\u0438\u043a[:] - Julia Belot - Peinture","isPartOf":{"@id":"https:\/\/julia-belot.de\/ru\/#website"},"datePublished":"2015-03-12T13:52:34+00:00","dateModified":"2025-06-09T11:05:53+00:00","breadcrumb":{"@id":"https:\/\/julia-belot.de\/malerin\/#breadcrumb"},"inLanguage":"fr-FR","potentialAction":[{"@type":"ReadAction","target":["https:\/\/julia-belot.de\/malerin\/"]}]},{"@type":"BreadcrumbList","@id":"https:\/\/julia-belot.de\/malerin\/#breadcrumb","itemListElement":[{"@type":"ListItem","position":1,"name":"Startseite","item":"https:\/\/julia-belot.de\/"},{"@type":"ListItem","position":2,"name":"Malerin"}]},{"@type":"WebSite","@id":"https:\/\/julia-belot.de\/ru\/#website","url":"https:\/\/julia-belot.de\/ru\/","name":"Julia Belot - Malerei","description":"","potentialAction":[{"@type":"SearchAction","target":{"@type":"EntryPoint","urlTemplate":"https:\/\/julia-belot.de\/ru\/?s={search_term_string}"},"query-input":{"@type":"PropertyValueSpecification","valueRequired":true,"valueName":"search_term_string"}}],"inLanguage":"fr-FR"}]}},"_links":{"self":[{"href":"https:\/\/julia-belot.de\/fr\/wp-json\/wp\/v2\/pages\/2167","targetHints":{"allow":["GET"]}}],"collection":[{"href":"https:\/\/julia-belot.de\/fr\/wp-json\/wp\/v2\/pages"}],"about":[{"href":"https:\/\/julia-belot.de\/fr\/wp-json\/wp\/v2\/types\/page"}],"author":[{"embeddable":true,"href":"https:\/\/julia-belot.de\/fr\/wp-json\/wp\/v2\/users\/1"}],"replies":[{"embeddable":true,"href":"https:\/\/julia-belot.de\/fr\/wp-json\/wp\/v2\/comments?post=2167"}],"version-history":[{"count":5,"href":"https:\/\/julia-belot.de\/fr\/wp-json\/wp\/v2\/pages\/2167\/revisions"}],"predecessor-version":[{"id":19267,"href":"https:\/\/julia-belot.de\/fr\/wp-json\/wp\/v2\/pages\/2167\/revisions\/19267"}],"wp:attachment":[{"href":"https:\/\/julia-belot.de\/fr\/wp-json\/wp\/v2\/media?parent=2167"}],"curies":[{"name":"wp","href":"https:\/\/api.w.org\/{rel}","templated":true}]}}